{"id":2139,"date":"2022-01-14T15:10:39","date_gmt":"2022-01-14T15:10:39","guid":{"rendered":"http:\/\/agropeu.com.br\/site\/?page_id=2139"},"modified":"2026-02-26T16:32:17","modified_gmt":"2026-02-26T19:32:17","slug":"nossa-historia","status":"publish","type":"page","link":"https:\/\/agropeu.com.br\/site\/nossa-historia\/","title":{"rendered":"Nossa Hist\u00f3ria"},"content":{"rendered":"\t\t<div data-elementor-type=\"wp-page\" data-elementor-id=\"2139\" class=\"elementor elementor-2139\">\n\t\t\t\t\t\t<section class=\"elementor-section elementor-top-section elementor-element elementor-element-4759a9d elementor-section-boxed elementor-section-height-default elementor-section-height-default\" data-id=\"4759a9d\" data-element_type=\"section\" data-e-type=\"section\" data-settings=\"{&quot;background_background&quot;:&quot;classic&quot;}\">\n\t\t\t\t\t\t\t<div class=\"elementor-background-overlay\"><\/div>\n\t\t\t\t\t\t\t<div class=\"elementor-container elementor-column-gap-no\">\n\t\t\t\t\t<div class=\"elementor-column elementor-col-50 elementor-top-column elementor-element elementor-element-b42f83b\" data-id=\"b42f83b\" data-element_type=\"column\" data-e-type=\"column\">\n\t\t\t<div class=\"elementor-widget-wrap elementor-element-populated\">\n\t\t\t\t\t\t<div class=\"elementor-element elementor-element-ebf7803 elementor-widget-divider--view-line elementor-widget elementor-widget-divider\" data-id=\"ebf7803\" data-element_type=\"widget\" data-e-type=\"widget\" data-widget_type=\"divider.default\">\n\t\t\t\t<div class=\"elementor-widget-container\">\n\t\t\t\t\t\t\t<div class=\"elementor-divider\">\n\t\t\t<span class=\"elementor-divider-separator\">\n\t\t\t\t\t\t<\/span>\n\t\t<\/div>\n\t\t\t\t\t\t<\/div>\n\t\t\t\t<\/div>\n\t\t\t\t<div class=\"elementor-element elementor-element-68e8286 elementor-widget elementor-widget-heading\" data-id=\"68e8286\" data-element_type=\"widget\" data-e-type=\"widget\" data-widget_type=\"heading.default\">\n\t\t\t\t<div class=\"elementor-widget-container\">\n\t\t\t\t\t<h1 class=\"elementor-heading-title elementor-size-default\">Hist\u00f3ria<\/h1>\t\t\t\t<\/div>\n\t\t\t\t<\/div>\n\t\t\t\t\t<\/div>\n\t\t<\/div>\n\t\t\t\t<div class=\"elementor-column elementor-col-50 elementor-top-column elementor-element elementor-element-4843899\" data-id=\"4843899\" data-element_type=\"column\" data-e-type=\"column\">\n\t\t\t<div class=\"elementor-widget-wrap elementor-element-populated\">\n\t\t\t\t\t\t<div class=\"elementor-element elementor-element-b2cb4b2 elementor-view-stacked elementor-widget__width-auto elementor-fixed elementor-shape-circle elementor-widget elementor-widget-icon\" data-id=\"b2cb4b2\" data-element_type=\"widget\" data-e-type=\"widget\" data-settings=\"{&quot;_animation&quot;:&quot;none&quot;,&quot;_position&quot;:&quot;fixed&quot;}\" data-widget_type=\"icon.default\">\n\t\t\t\t<div class=\"elementor-widget-container\">\n\t\t\t\t\t\t\t<div class=\"elementor-icon-wrapper\">\n\t\t\t<a class=\"elementor-icon elementor-animation-float\" href=\"https:\/\/api.whatsapp.com\/send?phone=5537991033059&#038;text=Ol%C3%A1%2C%20tenho%20uma%20d%C3%BAvida\" target=\"_blank\">\n\t\t\t<i aria-hidden=\"true\" class=\"fab fa-whatsapp\"><\/i>\t\t\t<\/a>\n\t\t<\/div>\n\t\t\t\t\t\t<\/div>\n\t\t\t\t<\/div>\n\t\t\t\t\t<\/div>\n\t\t<\/div>\n\t\t\t\t\t<\/div>\n\t\t<\/section>\n\t\t\t\t<section class=\"elementor-section elementor-top-section elementor-element elementor-element-5fae1b7 elementor-section-boxed elementor-section-height-default elementor-section-height-default\" data-id=\"5fae1b7\" data-element_type=\"section\" data-e-type=\"section\">\n\t\t\t\t\t\t<div class=\"elementor-container elementor-column-gap-default\">\n\t\t\t\t\t<div class=\"elementor-column elementor-col-100 elementor-top-column elementor-element elementor-element-3805ab8\" data-id=\"3805ab8\" data-element_type=\"column\" data-e-type=\"column\">\n\t\t\t<div class=\"elementor-widget-wrap elementor-element-populated\">\n\t\t\t\t\t\t<div class=\"elementor-element elementor-element-5b6c867 elementor-widget elementor-widget-spacer\" data-id=\"5b6c867\" data-element_type=\"widget\" data-e-type=\"widget\" data-widget_type=\"spacer.default\">\n\t\t\t\t<div class=\"elementor-widget-container\">\n\t\t\t\t\t\t\t<div class=\"elementor-spacer\">\n\t\t\t<div class=\"elementor-spacer-inner\"><\/div>\n\t\t<\/div>\n\t\t\t\t\t\t<\/div>\n\t\t\t\t<\/div>\n\t\t\t\t<div class=\"elementor-element elementor-element-e704250 elementor-widget-divider--view-line elementor-widget elementor-widget-divider\" data-id=\"e704250\" data-element_type=\"widget\" data-e-type=\"widget\" data-widget_type=\"divider.default\">\n\t\t\t\t<div class=\"elementor-widget-container\">\n\t\t\t\t\t\t\t<div class=\"elementor-divider\">\n\t\t\t<span class=\"elementor-divider-separator\">\n\t\t\t\t\t\t<\/span>\n\t\t<\/div>\n\t\t\t\t\t\t<\/div>\n\t\t\t\t<\/div>\n\t\t\t\t<div class=\"elementor-element elementor-element-cc88dae elementor-widget elementor-widget-menu-anchor\" data-id=\"cc88dae\" data-element_type=\"widget\" data-e-type=\"widget\" data-widget_type=\"menu-anchor.default\">\n\t\t\t\t<div class=\"elementor-widget-container\">\n\t\t\t\t\t\t\t<div class=\"elementor-menu-anchor\" id=\"historia\"><\/div>\n\t\t\t\t\t\t<\/div>\n\t\t\t\t<\/div>\n\t\t\t\t<div class=\"elementor-element elementor-element-63d7689 elementor-invisible elementor-widget elementor-widget-heading\" data-id=\"63d7689\" data-element_type=\"widget\" data-e-type=\"widget\" data-settings=\"{&quot;_animation&quot;:&quot;fadeInUp&quot;}\" data-widget_type=\"heading.default\">\n\t\t\t\t<div class=\"elementor-widget-container\">\n\t\t\t\t\t<h2 class=\"elementor-heading-title elementor-size-default\">Nossa Hist\u00f3ria <\/h2>\t\t\t\t<\/div>\n\t\t\t\t<\/div>\n\t\t\t\t\t<\/div>\n\t\t<\/div>\n\t\t\t\t\t<\/div>\n\t\t<\/section>\n\t\t\t\t<section class=\"elementor-section elementor-top-section elementor-element elementor-element-206b0d8 elementor-section-boxed elementor-section-height-default elementor-section-height-default\" data-id=\"206b0d8\" data-element_type=\"section\" data-e-type=\"section\">\n\t\t\t\t\t\t<div class=\"elementor-container elementor-column-gap-default\">\n\t\t\t\t\t<div class=\"elementor-column elementor-col-33 elementor-top-column elementor-element elementor-element-289a991\" data-id=\"289a991\" data-element_type=\"column\" data-e-type=\"column\">\n\t\t\t<div class=\"elementor-widget-wrap elementor-element-populated\">\n\t\t\t\t\t\t<div class=\"elementor-element elementor-element-5d47aaa elementor-widget elementor-widget-image\" data-id=\"5d47aaa\" data-element_type=\"widget\" data-e-type=\"widget\" data-widget_type=\"image.default\">\n\t\t\t\t<div class=\"elementor-widget-container\">\n\t\t\t\t\t\t\t\t\t\t\t\t\t\t\t<img fetchpriority=\"high\" decoding=\"async\" width=\"356\" height=\"405\" src=\"https:\/\/agropeu.com.br\/site\/wp-content\/uploads\/2021\/12\/agropeu1983.jpg\" class=\"attachment-large size-large wp-image-1341\" alt=\"\" srcset=\"https:\/\/agropeu.com.br\/site\/wp-content\/uploads\/2021\/12\/agropeu1983.jpg 356w, https:\/\/agropeu.com.br\/site\/wp-content\/uploads\/2021\/12\/agropeu1983-264x300.jpg 264w\" sizes=\"(max-width: 356px) 100vw, 356px\" \/>\t\t\t\t\t\t\t\t\t\t\t\t\t\t\t<\/div>\n\t\t\t\t<\/div>\n\t\t\t\t<div class=\"elementor-element elementor-element-48d48e7 elementor-widget elementor-widget-spacer\" data-id=\"48d48e7\" data-element_type=\"widget\" data-e-type=\"widget\" data-widget_type=\"spacer.default\">\n\t\t\t\t<div class=\"elementor-widget-container\">\n\t\t\t\t\t\t\t<div class=\"elementor-spacer\">\n\t\t\t<div class=\"elementor-spacer-inner\"><\/div>\n\t\t<\/div>\n\t\t\t\t\t\t<\/div>\n\t\t\t\t<\/div>\n\t\t\t\t<div class=\"elementor-element elementor-element-1455400 elementor-widget elementor-widget-text-editor\" data-id=\"1455400\" data-element_type=\"widget\" data-e-type=\"widget\" data-widget_type=\"text-editor.default\">\n\t\t\t\t<div class=\"elementor-widget-container\">\n\t\t\t\t\t\t\t\t\t<p>As lavouras de cana-de-a\u00e7\u00facar eram de propriedade de produtores independentes, constituindo um sistema de integra\u00e7\u00e3o contratual, com forte regulamenta\u00e7\u00e3o governamental, atrav\u00e9s do Instituto do A\u00e7\u00facar e do \u00c1lcool (IAA)\u00a0<br \/>A primeira safra da Agrop\u00e9u foi realizada em 1984.<\/p>\t\t\t\t\t\t\t\t<\/div>\n\t\t\t\t<\/div>\n\t\t\t\t<div class=\"elementor-element elementor-element-5651ee1 elementor-widget elementor-widget-spacer\" data-id=\"5651ee1\" data-element_type=\"widget\" data-e-type=\"widget\" data-widget_type=\"spacer.default\">\n\t\t\t\t<div class=\"elementor-widget-container\">\n\t\t\t\t\t\t\t<div class=\"elementor-spacer\">\n\t\t\t<div class=\"elementor-spacer-inner\"><\/div>\n\t\t<\/div>\n\t\t\t\t\t\t<\/div>\n\t\t\t\t<\/div>\n\t\t\t\t<div class=\"elementor-element elementor-element-0c03d29 elementor-widget elementor-widget-image\" data-id=\"0c03d29\" data-element_type=\"widget\" data-e-type=\"widget\" data-widget_type=\"image.default\">\n\t\t\t\t<div class=\"elementor-widget-container\">\n\t\t\t\t\t\t\t\t\t\t\t\t\t\t\t<img decoding=\"async\" width=\"640\" height=\"360\" src=\"https:\/\/agropeu.com.br\/site\/wp-content\/uploads\/2021\/12\/agropeu-60.jpg\" class=\"attachment-large size-large wp-image-1355\" alt=\"\" srcset=\"https:\/\/agropeu.com.br\/site\/wp-content\/uploads\/2021\/12\/agropeu-60.jpg 640w, https:\/\/agropeu.com.br\/site\/wp-content\/uploads\/2021\/12\/agropeu-60-300x169.jpg 300w\" sizes=\"(max-width: 640px) 100vw, 640px\" \/>\t\t\t\t\t\t\t\t\t\t\t\t\t\t\t<\/div>\n\t\t\t\t<\/div>\n\t\t\t\t<div class=\"elementor-element elementor-element-0c8450a elementor-widget elementor-widget-spacer\" data-id=\"0c8450a\" data-element_type=\"widget\" data-e-type=\"widget\" data-widget_type=\"spacer.default\">\n\t\t\t\t<div class=\"elementor-widget-container\">\n\t\t\t\t\t\t\t<div class=\"elementor-spacer\">\n\t\t\t<div class=\"elementor-spacer-inner\"><\/div>\n\t\t<\/div>\n\t\t\t\t\t\t<\/div>\n\t\t\t\t<\/div>\n\t\t\t\t<div class=\"elementor-element elementor-element-534308a elementor-widget elementor-widget-text-editor\" data-id=\"534308a\" data-element_type=\"widget\" data-e-type=\"widget\" data-widget_type=\"text-editor.default\">\n\t\t\t\t<div class=\"elementor-widget-container\">\n\t\t\t\t\t\t\t\t\t<p>Na d\u00e9cada de 90, na agonia anunciada do PROALCOOL, a empresa buscou nova identidade, assumindo a produ\u00e7\u00e3o da mat\u00e9ria prima, cana-de-a\u00e7\u00facar, com grande esfor\u00e7o para a ocupa\u00e7\u00e3o da capacidade ociosa da planta\u00a0\u00a0\u00a0 industrial.<br \/>No segundo mil\u00eanio, a Agrop\u00e9u ampliou sua capacidade de produ\u00e7\u00e3o de Etanol para 500.000 lts\/dia e buscou novas tecnologias para tornar-se mais competitiva em um mercado globalizado.<\/p>\t\t\t\t\t\t\t\t<\/div>\n\t\t\t\t<\/div>\n\t\t\t\t<div class=\"elementor-element elementor-element-6ead626 elementor-widget elementor-widget-spacer\" data-id=\"6ead626\" data-element_type=\"widget\" data-e-type=\"widget\" data-widget_type=\"spacer.default\">\n\t\t\t\t<div class=\"elementor-widget-container\">\n\t\t\t\t\t\t\t<div class=\"elementor-spacer\">\n\t\t\t<div class=\"elementor-spacer-inner\"><\/div>\n\t\t<\/div>\n\t\t\t\t\t\t<\/div>\n\t\t\t\t<\/div>\n\t\t\t\t<div class=\"elementor-element elementor-element-92038d5 elementor-widget elementor-widget-image\" data-id=\"92038d5\" data-element_type=\"widget\" data-e-type=\"widget\" data-widget_type=\"image.default\">\n\t\t\t\t<div class=\"elementor-widget-container\">\n\t\t\t\t\t\t\t\t\t\t\t\t\t\t\t<img decoding=\"async\" width=\"768\" height=\"1024\" src=\"https:\/\/agropeu.com.br\/site\/wp-content\/uploads\/2021\/11\/Foto-Usina-1-768x1024.jpeg\" class=\"attachment-large size-large wp-image-428\" alt=\"\" srcset=\"https:\/\/agropeu.com.br\/site\/wp-content\/uploads\/2021\/11\/Foto-Usina-1-768x1024.jpeg 768w, https:\/\/agropeu.com.br\/site\/wp-content\/uploads\/2021\/11\/Foto-Usina-1-225x300.jpeg 225w, https:\/\/agropeu.com.br\/site\/wp-content\/uploads\/2021\/11\/Foto-Usina-1-1152x1536.jpeg 1152w, https:\/\/agropeu.com.br\/site\/wp-content\/uploads\/2021\/11\/Foto-Usina-1-1536x2048.jpeg 1536w, https:\/\/agropeu.com.br\/site\/wp-content\/uploads\/2021\/11\/Foto-Usina-1-scaled.jpeg 1920w\" sizes=\"(max-width: 768px) 100vw, 768px\" \/>\t\t\t\t\t\t\t\t\t\t\t\t\t\t\t<\/div>\n\t\t\t\t<\/div>\n\t\t\t\t<div class=\"elementor-element elementor-element-1d0b682 elementor-widget elementor-widget-spacer\" data-id=\"1d0b682\" data-element_type=\"widget\" data-e-type=\"widget\" data-widget_type=\"spacer.default\">\n\t\t\t\t<div class=\"elementor-widget-container\">\n\t\t\t\t\t\t\t<div class=\"elementor-spacer\">\n\t\t\t<div class=\"elementor-spacer-inner\"><\/div>\n\t\t<\/div>\n\t\t\t\t\t\t<\/div>\n\t\t\t\t<\/div>\n\t\t\t\t\t<\/div>\n\t\t<\/div>\n\t\t\t\t<div class=\"elementor-column elementor-col-33 elementor-top-column elementor-element elementor-element-2205dfb elementor-hidden-mobile\" data-id=\"2205dfb\" data-element_type=\"column\" data-e-type=\"column\">\n\t\t\t<div class=\"elementor-widget-wrap\">\n\t\t\t\t\t\t\t<\/div>\n\t\t<\/div>\n\t\t\t\t<div class=\"elementor-column elementor-col-33 elementor-top-column elementor-element elementor-element-9d3707d\" data-id=\"9d3707d\" data-element_type=\"column\" data-e-type=\"column\">\n\t\t\t<div class=\"elementor-widget-wrap elementor-element-populated\">\n\t\t\t\t\t\t<div class=\"elementor-element elementor-element-07ad071 elementor-widget elementor-widget-text-editor\" data-id=\"07ad071\" data-element_type=\"widget\" data-e-type=\"widget\" data-widget_type=\"text-editor.default\">\n\t\t\t\t<div class=\"elementor-widget-container\">\n\t\t\t\t\t\t\t\t\t<p>Em 1981 Paulo Otac\u00edlio Cordeiro e Ant\u00f4nio Joaquim Cordeiro, empres\u00e1rios vision\u00e1rios do ramo agropecu\u00e1rio, fundam, em Pomp\u00e9u\/MG, a Agrop\u00e9u uma destilaria de \u00e1lcool.<br \/>O projeto que deu origem a Agrop\u00e9u S\/A, foi enquadrado nos fundamentos da segunda fase do PR\u00d3ALCOOL, onde contemplava a constru\u00e7\u00f5es de destilarias aut\u00f4nomas para atender a demanda dos novos ve\u00edculos movidos exclusivamente a \u00e1lcool e refor\u00e7ar a oferta de \u00e1lcool anidro, priorizado pela primeira fase do programa nacional do \u00e1lcool.<br \/>Pelo projeto original, foi constru\u00edda uma destilaria com capacidade de produ\u00e7\u00e3o de 120.000 litros de \u00e1lcool por dia.<\/p>\t\t\t\t\t\t\t\t<\/div>\n\t\t\t\t<\/div>\n\t\t\t\t<div class=\"elementor-element elementor-element-3beb2b4 elementor-widget elementor-widget-image\" data-id=\"3beb2b4\" data-element_type=\"widget\" data-e-type=\"widget\" data-widget_type=\"image.default\">\n\t\t\t\t<div class=\"elementor-widget-container\">\n\t\t\t\t\t\t\t\t\t\t\t\t\t\t\t<img loading=\"lazy\" decoding=\"async\" width=\"640\" height=\"360\" src=\"https:\/\/agropeu.com.br\/site\/wp-content\/uploads\/2021\/12\/agropeu-57.jpg\" class=\"attachment-large size-large wp-image-1348\" alt=\"\" srcset=\"https:\/\/agropeu.com.br\/site\/wp-content\/uploads\/2021\/12\/agropeu-57.jpg 640w, https:\/\/agropeu.com.br\/site\/wp-content\/uploads\/2021\/12\/agropeu-57-300x169.jpg 300w\" sizes=\"(max-width: 640px) 100vw, 640px\" \/>\t\t\t\t\t\t\t\t\t\t\t\t\t\t\t<\/div>\n\t\t\t\t<\/div>\n\t\t\t\t<div class=\"elementor-element elementor-element-f2b9379 elementor-widget elementor-widget-spacer\" data-id=\"f2b9379\" data-element_type=\"widget\" data-e-type=\"widget\" data-widget_type=\"spacer.default\">\n\t\t\t\t<div class=\"elementor-widget-container\">\n\t\t\t\t\t\t\t<div class=\"elementor-spacer\">\n\t\t\t<div class=\"elementor-spacer-inner\"><\/div>\n\t\t<\/div>\n\t\t\t\t\t\t<\/div>\n\t\t\t\t<\/div>\n\t\t\t\t<div class=\"elementor-element elementor-element-57d26f3 elementor-widget elementor-widget-text-editor\" data-id=\"57d26f3\" data-element_type=\"widget\" data-e-type=\"widget\" data-widget_type=\"text-editor.default\">\n\t\t\t\t<div class=\"elementor-widget-container\">\n\t\t\t\t\t\t\t\t\t<p>No final da d\u00e9cada de 80, apesar da intensa crise vivida pelo setor sucroalcooleiro, \u00e0 empresa consolidou se empresarialmente e se preparou para buscar novas estrat\u00e9gias de sobreviv\u00eancia. O cen\u00e1rio sombrio que se desenhava agravado pelas sucessivas tentativas do governo em estabilizar a economia, atrav\u00e9s de planos econ\u00f4micos, que mantinham os pre\u00e7os do setor abaixo dos custos de produ\u00e7\u00e3o, levando a um fatal colapso de oferta.<\/p>\t\t\t\t\t\t\t\t<\/div>\n\t\t\t\t<\/div>\n\t\t\t\t<div class=\"elementor-element elementor-element-0cbbd55 elementor-widget elementor-widget-spacer\" data-id=\"0cbbd55\" data-element_type=\"widget\" data-e-type=\"widget\" data-widget_type=\"spacer.default\">\n\t\t\t\t<div class=\"elementor-widget-container\">\n\t\t\t\t\t\t\t<div class=\"elementor-spacer\">\n\t\t\t<div class=\"elementor-spacer-inner\"><\/div>\n\t\t<\/div>\n\t\t\t\t\t\t<\/div>\n\t\t\t\t<\/div>\n\t\t\t\t<div class=\"elementor-element elementor-element-d830930 elementor-widget elementor-widget-image\" data-id=\"d830930\" data-element_type=\"widget\" data-e-type=\"widget\" data-widget_type=\"image.default\">\n\t\t\t\t<div class=\"elementor-widget-container\">\n\t\t\t\t\t\t\t\t\t\t\t\t\t\t\t<img loading=\"lazy\" decoding=\"async\" width=\"640\" height=\"360\" src=\"https:\/\/agropeu.com.br\/site\/wp-content\/uploads\/2021\/12\/agropeu-62.jpg\" class=\"attachment-large size-large wp-image-1371\" alt=\"\" srcset=\"https:\/\/agropeu.com.br\/site\/wp-content\/uploads\/2021\/12\/agropeu-62.jpg 640w, https:\/\/agropeu.com.br\/site\/wp-content\/uploads\/2021\/12\/agropeu-62-300x169.jpg 300w\" sizes=\"(max-width: 640px) 100vw, 640px\" \/>\t\t\t\t\t\t\t\t\t\t\t\t\t\t\t<\/div>\n\t\t\t\t<\/div>\n\t\t\t\t<div class=\"elementor-element elementor-element-e0f8ac6 elementor-widget elementor-widget-spacer\" data-id=\"e0f8ac6\" data-element_type=\"widget\" data-e-type=\"widget\" data-widget_type=\"spacer.default\">\n\t\t\t\t<div class=\"elementor-widget-container\">\n\t\t\t\t\t\t\t<div class=\"elementor-spacer\">\n\t\t\t<div class=\"elementor-spacer-inner\"><\/div>\n\t\t<\/div>\n\t\t\t\t\t\t<\/div>\n\t\t\t\t<\/div>\n\t\t\t\t<div class=\"elementor-element elementor-element-60e07eb elementor-widget elementor-widget-text-editor\" data-id=\"60e07eb\" data-element_type=\"widget\" data-e-type=\"widget\" data-widget_type=\"text-editor.default\">\n\t\t\t\t<div class=\"elementor-widget-container\">\n\t\t\t\t\t\t\t\t\t<p>Em 2011 a Agrop\u00e9u construiu uma moderna f\u00e1brica de a\u00e7\u00facar com produ\u00e7\u00e3o de 10.000 sacos de 50 kg \/dia, em 2016 viabilizou o projeto de amplia\u00e7\u00e3o de sua capacidade de gera\u00e7\u00e3o de energia el\u00e9trica a\u00a0\u00a051,6 MW\/h\u00a0com comercializa\u00e7\u00e3o de 15 MW\/h de\u00a0 excedentes.<br \/>Ao completar 40 anos em 2021 a Agrop\u00e9u consolida sua forte presen\u00e7a como agente promotor de a\u00e7\u00f5es de sustentabilidade, por meio de pol\u00edticas claras, voltadas ao meio ambiente, recursos humanos e responsabilidade social.<\/p>\t\t\t\t\t\t\t\t<\/div>\n\t\t\t\t<\/div>\n\t\t\t\t\t<\/div>\n\t\t<\/div>\n\t\t\t\t\t<\/div>\n\t\t<\/section>\n\t\t\t\t<\/div>\n\t\t","protected":false},"excerpt":{"rendered":"<p>Hist\u00f3ria Nossa Hist\u00f3ria As lavouras de cana-de-a\u00e7\u00facar eram de propriedade de produtores independentes, constituindo um sistema de integra\u00e7\u00e3o contratual, com forte regulamenta\u00e7\u00e3o governamental, atrav\u00e9s do Instituto do A\u00e7\u00facar e do \u00c1lcool (IAA)\u00a0A primeira safra da Agrop\u00e9u foi realizada em 1984. Na d\u00e9cada de 90, na agonia anunciada do PROALCOOL, a empresa buscou nova identidade, assumindo [&hellip;]<\/p>\n","protected":false},"author":6,"featured_media":0,"parent":0,"menu_order":0,"comment_status":"closed","ping_status":"closed","template":"","meta":{"site-sidebar-layout":"no-sidebar","site-content-layout":"page-builder","ast-site-content-layout":"default","site-content-style":"default","site-sidebar-style":"default","ast-global-header-display":"","ast-banner-title-visibility":"","ast-main-header-display":"","ast-hfb-above-header-display":"","ast-hfb-below-header-display":"","ast-hfb-mobile-header-display":"","site-post-title":"disabled","ast-breadcrumbs-content":"","ast-featured-img":"disabled","footer-sml-layout":"","ast-disable-related-posts":"","theme-transparent-header-meta":"","adv-header-id-meta":"","stick-header-meta":"","header-above-stick-meta":"","header-main-stick-meta":"","header-below-stick-meta":"","astra-migrate-meta-layouts":"default","ast-page-background-enabled":"default","ast-page-background-meta":{"desktop":{"background-color":"","background-image":"","background-repeat":"repeat","background-position":"center center","background-size":"auto","background-attachment":"scroll","background-type":"","background-media":"","overlay-type":"","overlay-color":"","overlay-opacity":"","overlay-gradient":""},"tablet":{"background-color":"","background-image":"","background-repeat":"repeat","background-position":"center center","background-size":"auto","background-attachment":"scroll","background-type":"","background-media":"","overlay-type":"","overlay-color":"","overlay-opacity":"","overlay-gradient":""},"mobile":{"background-color":"","background-image":"","background-repeat":"repeat","background-position":"center center","background-size":"auto","background-attachment":"scroll","background-type":"","background-media":"","overlay-type":"","overlay-color":"","overlay-opacity":"","overlay-gradient":""}},"ast-content-background-meta":{"desktop":{"background-color":"var(--ast-global-color-5)","background-image":"","background-repeat":"repeat","background-position":"center center","background-size":"auto","background-attachment":"scroll","background-type":"","background-media":"","overlay-type":"","overlay-color":"","overlay-opacity":"","overlay-gradient":""},"tablet":{"background-color":"var(--ast-global-color-5)","background-image":"","background-repeat":"repeat","background-position":"center center","background-size":"auto","background-attachment":"scroll","background-type":"","background-media":"","overlay-type":"","overlay-color":"","overlay-opacity":"","overlay-gradient":""},"mobile":{"background-color":"var(--ast-global-color-5)","background-image":"","background-repeat":"repeat","background-position":"center center","background-size":"auto","background-attachment":"scroll","background-type":"","background-media":"","overlay-type":"","overlay-color":"","overlay-opacity":"","overlay-gradient":""}},"_themeisle_gutenberg_block_has_review":false,"footnotes":""},"class_list":["post-2139","page","type-page","status-publish","hentry"],"_links":{"self":[{"href":"https:\/\/agropeu.com.br\/site\/wp-json\/wp\/v2\/pages\/2139","targetHints":{"allow":["GET"]}}],"collection":[{"href":"https:\/\/agropeu.com.br\/site\/wp-json\/wp\/v2\/pages"}],"about":[{"href":"https:\/\/agropeu.com.br\/site\/wp-json\/wp\/v2\/types\/page"}],"author":[{"embeddable":true,"href":"https:\/\/agropeu.com.br\/site\/wp-json\/wp\/v2\/users\/6"}],"replies":[{"embeddable":true,"href":"https:\/\/agropeu.com.br\/site\/wp-json\/wp\/v2\/comments?post=2139"}],"version-history":[{"count":41,"href":"https:\/\/agropeu.com.br\/site\/wp-json\/wp\/v2\/pages\/2139\/revisions"}],"predecessor-version":[{"id":4131,"href":"https:\/\/agropeu.com.br\/site\/wp-json\/wp\/v2\/pages\/2139\/revisions\/4131"}],"wp:attachment":[{"href":"https:\/\/agropeu.com.br\/site\/wp-json\/wp\/v2\/media?parent=2139"}],"curies":[{"name":"wp","href":"https:\/\/api.w.org\/{rel}","templated":true}]}}